{"id":4392,"date":"2024-01-28T23:58:12","date_gmt":"2024-01-28T22:58:12","guid":{"rendered":"https:\/\/www.sokollibcice.cz\/hazena\/?page_id=4392"},"modified":"2026-02-18T23:25:30","modified_gmt":"2026-02-18T22:25:30","slug":"prihlasky","status":"publish","type":"page","link":"https:\/\/www.sokollibcice.cz\/hazena\/handball-camp\/prihlasky\/","title":{"rendered":"P\u0159ihl\u00e1\u0161ky"},"content":{"rendered":"\n<p><strong>!!! V okam\u017eiku napln\u011bn\u00ed kapacity kategorie je mo\u017en\u00e9 se d\u00e1le registrovat jako n\u00e1hradn\u00edk, platba nen\u00ed nutn\u00e1 !!!<\/strong><\/p>\n\n\n\n<iframe loading=\"lazy\" src=\"https:\/\/docs.google.com\/spreadsheets\/d\/e\/2PACX-1vTB7lYCVsZ5dGwroLwFlQgadoScDGgHgqBdXw519qFPKp3xNOVn6BUYplynmoB7hjJCq_r3cm2o3grL\/pubhtml?gid=1796242403&amp;single=true&amp;widget=true&amp;headers=false\" width=\"1000\" height=\"220\"><\/iframe>\n\n\n\n<p>Z\u00e1kladn\u00ed informace:<\/p>\n\n\n\n<ul class=\"wp-block-list\">\n<li>Term\u00edn: 17. \u2013 21.&nbsp;srpna 2026<\/li>\n\n\n\n<li>M\u00edsto: are\u00e1l TJ Sokol Lib\u010dice n.\/Vlt.<\/li>\n\n\n\n<li>V\u011bk: 5 \u2013 13 let<\/li>\n\n\n\n<li>Celkov\u00e1 kapacita: 80 d\u011bt\u00ed<\/li>\n\n\n\n<li>Kategorie:\n<ul class=\"wp-block-list\">\n<li>p\u0159edp\u0159\u00edpravka (5 \u2013 7 let, kapacita 20 d\u011bt\u00ed)<\/li>\n\n\n\n<li>p\u0159\u00edpravka (7 \u2013 9 let, kapacita 20 d\u011bt\u00ed)<\/li>\n\n\n\n<li>mini\u017e\u00e1ci (9 \u2013 11 let, kapacita 20 d\u011bt\u00ed)<\/li>\n\n\n\n<li>mlad\u0161\u00ed \u017e\u00e1ci (11 \u2013 13 let, kapacita 20 d\u011bt\u00ed)<\/li>\n<\/ul>\n<\/li>\n<\/ul>\n\n\n\n<p>Platebn\u00ed \u00fadaje:<\/p>\n\n\n\n<ul class=\"wp-block-list\">\n<li><strong>Celkov\u00e1 cena kempu \u010din\u00ed 3 000 K\u010d (2 500 K\u010d pro druh\u00e9ho a dal\u0161\u00edho&nbsp;sourozence)<\/strong><\/li>\n\n\n\n<li><strong>\u010c\u00edslo \u00fa\u010dtu: 670100-2212272533\/6210<\/strong><\/li>\n\n\n\n<li><strong>Pozn\u00e1mka: HC2026 \u2013 Jm\u00e9no p\u0159\u00edjmen\u00ed rok narozen\u00ed \u00fa\u010dastn\u00edka (P\u0159.: HC2026 &#8211;&nbsp;Jan&nbsp;Nov\u00e1k&nbsp;2015)<\/strong><\/li>\n<\/ul>\n\n\n\n<figure class=\"wp-block-image size-full is-resized\"><img data-recalc-dims=\"1\" loading=\"lazy\" decoding=\"async\" width=\"592\" height=\"607\" data-attachment-id=\"4711\" data-permalink=\"https:\/\/www.sokollibcice.cz\/hazena\/handball-camp\/handball-camp-libcice-2026\/attachment\/hcl2026-qr-kod\/\" data-orig-file=\"https:\/\/i0.wp.com\/www.sokollibcice.cz\/hazena\/wp-content\/uploads\/HCL2026-QR-kod.jpeg?fit=592%2C607&amp;ssl=1\" data-orig-size=\"592,607\" data-comments-opened=\"1\" data-image-meta=\"{&quot;aperture&quot;:&quot;0&quot;,&quot;credit&quot;:&quot;&quot;,&quot;camera&quot;:&quot;&quot;,&quot;caption&quot;:&quot;&quot;,&quot;created_timestamp&quot;:&quot;0&quot;,&quot;copyright&quot;:&quot;&quot;,&quot;focal_length&quot;:&quot;0&quot;,&quot;iso&quot;:&quot;0&quot;,&quot;shutter_speed&quot;:&quot;0&quot;,&quot;title&quot;:&quot;&quot;,&quot;orientation&quot;:&quot;0&quot;}\" data-image-title=\"HCL2026 &amp;#8211; QR kod\" data-image-description=\"\" data-image-caption=\"\" data-large-file=\"https:\/\/i0.wp.com\/www.sokollibcice.cz\/hazena\/wp-content\/uploads\/HCL2026-QR-kod.jpeg?fit=592%2C607&amp;ssl=1\" src=\"https:\/\/i0.wp.com\/www.sokollibcice.cz\/hazena\/wp-content\/uploads\/HCL2026-QR-kod.jpeg?resize=592%2C607&#038;ssl=1\" alt=\"\" class=\"wp-image-4711\" style=\"width:300px\" srcset=\"https:\/\/i0.wp.com\/www.sokollibcice.cz\/hazena\/wp-content\/uploads\/HCL2026-QR-kod.jpeg?w=592&amp;ssl=1 592w, https:\/\/i0.wp.com\/www.sokollibcice.cz\/hazena\/wp-content\/uploads\/HCL2026-QR-kod.jpeg?resize=293%2C300&amp;ssl=1 293w, https:\/\/i0.wp.com\/www.sokollibcice.cz\/hazena\/wp-content\/uploads\/HCL2026-QR-kod.jpeg?resize=125%2C128&amp;ssl=1 125w, https:\/\/i0.wp.com\/www.sokollibcice.cz\/hazena\/wp-content\/uploads\/HCL2026-QR-kod.jpeg?resize=32%2C32&amp;ssl=1 32w\" sizes=\"auto, (max-width: 592px) 100vw, 592px\" \/><\/figure>\n\n\n\n<p>Pro \u00fa\u010dastn\u00edka, kter\u00fd nebude moct dorazit na camp, plat\u00ed n\u00e1sleduj\u00edc\u00ed storno poplatky:<\/p>\n\n\n\n<ul class=\"wp-block-list\">\n<li>do 30. 6. 2026 1000,- K\u010d<\/li>\n\n\n\n<li>od 1. 7. 2026 do 31. 7. 2026 1500,- K\u010d<\/li>\n\n\n\n<li>od 1. 8. 2026 do dne n\u00e1stupu 2000,- K\u010d<\/li>\n<\/ul>\n\n\n\n<p>Registra\u010dn\u00ed formul\u00e1\u0159:<\/p>\n\n\n\n<iframe loading=\"lazy\" src=\"https:\/\/docs.google.com\/forms\/d\/e\/1FAIpQLSdvwMbw0CPJuLGFXN9yG-DQA3hbhyoB21ijuzbXfMWkaYyC1Q\/viewform?embedded=true\" width=\"640\" height=\"6653\" frameborder=\"0\" marginheight=\"0\" marginwidth=\"0\">Na\u010d\u00edt\u00e1n\u00ed\u2026<\/iframe>\n","protected":false},"excerpt":{"rendered":"<p>!!! V okam\u017eiku napln\u011bn\u00ed kapacity kategorie je mo\u017en\u00e9 se d\u00e1le registrovat jako n\u00e1hradn\u00edk, platba nen\u00ed nutn\u00e1 !!! Z\u00e1kladn\u00ed informace: Platebn\u00ed \u00fadaje: Pro \u00fa\u010dastn\u00edka, kter\u00fd nebude moct dorazit na camp, plat\u00ed n\u00e1sleduj\u00edc\u00ed storno poplatky: Registra\u010dn\u00ed formul\u00e1\u0159: Na\u010d\u00edt\u00e1n\u00ed\u2026<\/p>\n","protected":false},"author":243,"featured_media":0,"parent":4390,"menu_order":0,"comment_status":"closed","ping_status":"closed","template":"","meta":{"_monsterinsights_skip_tracking":false,"_monsterinsights_sitenote_active":false,"_monsterinsights_sitenote_note":"","_monsterinsights_sitenote_category":0,"jetpack_post_was_ever_published":false,"footnotes":""},"class_list":["post-4392","page","type-page","status-publish","hentry"],"aioseo_notices":[],"jetpack_sharing_enabled":true,"jetpack_shortlink":"https:\/\/wp.me\/P5OFQA-18Q","amp_enabled":true,"_links":{"self":[{"href":"https:\/\/www.sokollibcice.cz\/hazena\/wp-json\/wp\/v2\/pages\/4392","targetHints":{"allow":["GET"]}}],"collection":[{"href":"https:\/\/www.sokollibcice.cz\/hazena\/wp-json\/wp\/v2\/pages"}],"about":[{"href":"https:\/\/www.sokollibcice.cz\/hazena\/wp-json\/wp\/v2\/types\/page"}],"author":[{"embeddable":true,"href":"https:\/\/www.sokollibcice.cz\/hazena\/wp-json\/wp\/v2\/users\/243"}],"replies":[{"embeddable":true,"href":"https:\/\/www.sokollibcice.cz\/hazena\/wp-json\/wp\/v2\/comments?post=4392"}],"version-history":[{"count":30,"href":"https:\/\/www.sokollibcice.cz\/hazena\/wp-json\/wp\/v2\/pages\/4392\/revisions"}],"predecessor-version":[{"id":4722,"href":"https:\/\/www.sokollibcice.cz\/hazena\/wp-json\/wp\/v2\/pages\/4392\/revisions\/4722"}],"up":[{"embeddable":true,"href":"https:\/\/www.sokollibcice.cz\/hazena\/wp-json\/wp\/v2\/pages\/4390"}],"wp:attachment":[{"href":"https:\/\/www.sokollibcice.cz\/hazena\/wp-json\/wp\/v2\/media?parent=4392"}],"curies":[{"name":"wp","href":"https:\/\/api.w.org\/{rel}","templated":true}]}}