{"id":3130,"date":"2016-09-26T11:34:36","date_gmt":"2016-09-26T10:34:36","guid":{"rendered":"http:\/\/www.sokollibcice.cz\/hazena\/?page_id=3130"},"modified":"2016-09-26T11:34:36","modified_gmt":"2016-09-26T10:34:36","slug":"statistika-hracu","status":"publish","type":"page","link":"https:\/\/www.sokollibcice.cz\/hazena\/muzi\/sezona-20152016\/statistika-hracu\/","title":{"rendered":"Statistika hr\u00e1\u010d\u016f"},"content":{"rendered":"\n<table id=\"tablepress-7\" class=\"tablepress tablepress-id-7\">\n<thead>\n<tr class=\"row-1\">\n\t<th class=\"column-1\">Hr\u00e1\u010d<\/th><th class=\"column-2\">Post<\/th><th class=\"column-3\">\u2211 utk\u00e1n\u00ed<\/th><th class=\"column-4\">\u2211 branek<\/th><th class=\"column-5\">\u2205 branek<\/th>\n<\/tr>\n<\/thead>\n<tbody class=\"row-striping row-hover\">\n<tr class=\"row-2\">\n\t<td class=\"column-1\">Breyl Martin<\/td><td class=\"column-2\"><\/td><td class=\"column-3\">17<\/td><td class=\"column-4\">36<\/td><td class=\"column-5\">2.12<\/td>\n<\/tr>\n<tr class=\"row-3\">\n\t<td class=\"column-1\">\u010ces\u00e1k Petr<\/td><td class=\"column-2\"><\/td><td class=\"column-3\">18<\/td><td class=\"column-4\">45<\/td><td class=\"column-5\">2.50<\/td>\n<\/tr>\n<tr class=\"row-4\">\n\t<td class=\"column-1\">Gebauer Josef<\/td><td class=\"column-2\"><\/td><td class=\"column-3\">16<\/td><td class=\"column-4\">84<\/td><td class=\"column-5\">5.25<\/td>\n<\/tr>\n<tr class=\"row-5\">\n\t<td class=\"column-1\">Hasala Ond\u0159ej<\/td><td class=\"column-2\"><\/td><td class=\"column-3\">19<\/td><td class=\"column-4\">82<\/td><td class=\"column-5\">4.32<\/td>\n<\/tr>\n<tr class=\"row-6\">\n\t<td class=\"column-1\">Hora V\u00e1clav<\/td><td class=\"column-2\"><\/td><td class=\"column-3\">20<\/td><td class=\"column-4\">30<\/td><td class=\"column-5\">1.50<\/td>\n<\/tr>\n<tr class=\"row-7\">\n\t<td class=\"column-1\">Horej\u0161 Michal<\/td><td class=\"column-2\"><\/td><td class=\"column-3\">5<\/td><td class=\"column-4\">5<\/td><td class=\"column-5\">1.00<\/td>\n<\/tr>\n<tr class=\"row-8\">\n\t<td class=\"column-1\">Hyke\u0161 Mat\u011bj<\/td><td class=\"column-2\"><\/td><td class=\"column-3\">4<\/td><td class=\"column-4\">3<\/td><td class=\"column-5\">0.75<\/td>\n<\/tr>\n<tr class=\"row-9\">\n\t<td class=\"column-1\">Jerman Zden\u011bk<\/td><td class=\"column-2\"><\/td><td class=\"column-3\">14<\/td><td class=\"column-4\">30<\/td><td class=\"column-5\">2.14<\/td>\n<\/tr>\n<tr class=\"row-10\">\n\t<td class=\"column-1\">K\u0159\u00ed\u017e Ond\u0159ej<\/td><td class=\"column-2\">br.<\/td><td class=\"column-3\">19<\/td><td class=\"column-4\">0<\/td><td class=\"column-5\">0.00<\/td>\n<\/tr>\n<tr class=\"row-11\">\n\t<td class=\"column-1\">Palan Franti\u0161ek<\/td><td class=\"column-2\"><\/td><td class=\"column-3\">19<\/td><td class=\"column-4\">29<\/td><td class=\"column-5\">1.53<\/td>\n<\/tr>\n<tr class=\"row-12\">\n\t<td class=\"column-1\">Piska\u010d Kamil<\/td><td class=\"column-2\"><\/td><td class=\"column-3\">3<\/td><td class=\"column-4\">1<\/td><td class=\"column-5\">0.33<\/td>\n<\/tr>\n<tr class=\"row-13\">\n\t<td class=\"column-1\">Podrou\u017eek Jan<\/td><td class=\"column-2\"><\/td><td class=\"column-3\">13<\/td><td class=\"column-4\">55<\/td><td class=\"column-5\">4.23<\/td>\n<\/tr>\n<tr class=\"row-14\">\n\t<td class=\"column-1\">\u0160im\u00e1nek Michal<\/td><td class=\"column-2\">br.<\/td><td class=\"column-3\">20<\/td><td class=\"column-4\">0<\/td><td class=\"column-5\">0.00<\/td>\n<\/tr>\n<tr class=\"row-15\">\n\t<td class=\"column-1\">\u0160r\u00e1m David<\/td><td class=\"column-2\">br.<\/td><td class=\"column-3\">1<\/td><td class=\"column-4\">0<\/td><td class=\"column-5\">0.00<\/td>\n<\/tr>\n<tr class=\"row-16\">\n\t<td class=\"column-1\">Tich\u00fd Ond\u0159ej<\/td><td class=\"column-2\"><\/td><td class=\"column-3\">16<\/td><td class=\"column-4\">45<\/td><td class=\"column-5\">2.81<\/td>\n<\/tr>\n<tr class=\"row-17\">\n\t<td class=\"column-1\">Tsunaev Dmitry<\/td><td class=\"column-2\"><\/td><td class=\"column-3\">8<\/td><td class=\"column-4\">40<\/td><td class=\"column-5\">5.00<\/td>\n<\/tr>\n<tr class=\"row-18\">\n\t<td class=\"column-1\">Vitner Jan<\/td><td class=\"column-2\"><\/td><td class=\"column-3\">3<\/td><td class=\"column-4\">4<\/td><td class=\"column-5\">1.33<\/td>\n<\/tr>\n<tr class=\"row-19\">\n\t<td class=\"column-1\">Weigner Luk\u00e1\u0161<\/td><td class=\"column-2\"><\/td><td class=\"column-3\">17<\/td><td class=\"column-4\">91<\/td><td class=\"column-5\">5.35<\/td>\n<\/tr>\n<\/tbody>\n<tfoot>\n<tr class=\"row-20\">\n\t<th class=\"column-1\">Hr\u00e1\u010d<\/th><th class=\"column-2\">Post<\/th><th class=\"column-3\">\u2211 utk\u00e1n\u00ed<\/th><th class=\"column-4\">\u2211 branek<\/th><th class=\"column-5\">\u2205 branek<\/th>\n<\/tr>\n<\/tfoot>\n<\/table>\n\n","protected":false},"excerpt":{"rendered":"","protected":false},"author":243,"featured_media":0,"parent":3125,"menu_order":0,"comment_status":"closed","ping_status":"closed","template":"","meta":{"_monsterinsights_skip_tracking":false,"_monsterinsights_sitenote_active":false,"_monsterinsights_sitenote_note":"","_monsterinsights_sitenote_category":0,"jetpack_post_was_ever_published":false,"footnotes":""},"class_list":["post-3130","page","type-page","status-publish","hentry"],"aioseo_notices":[],"jetpack_sharing_enabled":true,"jetpack_shortlink":"https:\/\/wp.me\/P5OFQA-Ou","amp_enabled":true,"_links":{"self":[{"href":"https:\/\/www.sokollibcice.cz\/hazena\/wp-json\/wp\/v2\/pages\/3130","targetHints":{"allow":["GET"]}}],"collection":[{"href":"https:\/\/www.sokollibcice.cz\/hazena\/wp-json\/wp\/v2\/pages"}],"about":[{"href":"https:\/\/www.sokollibcice.cz\/hazena\/wp-json\/wp\/v2\/types\/page"}],"author":[{"embeddable":true,"href":"https:\/\/www.sokollibcice.cz\/hazena\/wp-json\/wp\/v2\/users\/243"}],"replies":[{"embeddable":true,"href":"https:\/\/www.sokollibcice.cz\/hazena\/wp-json\/wp\/v2\/comments?post=3130"}],"version-history":[{"count":1,"href":"https:\/\/www.sokollibcice.cz\/hazena\/wp-json\/wp\/v2\/pages\/3130\/revisions"}],"predecessor-version":[{"id":3131,"href":"https:\/\/www.sokollibcice.cz\/hazena\/wp-json\/wp\/v2\/pages\/3130\/revisions\/3131"}],"up":[{"embeddable":true,"href":"https:\/\/www.sokollibcice.cz\/hazena\/wp-json\/wp\/v2\/pages\/3125"}],"wp:attachment":[{"href":"https:\/\/www.sokollibcice.cz\/hazena\/wp-json\/wp\/v2\/media?parent=3130"}],"curies":[{"name":"wp","href":"https:\/\/api.w.org\/{rel}","templated":true}]}}