{"id":12,"date":"2011-10-02T13:05:37","date_gmt":"2011-10-02T11:05:37","guid":{"rendered":"http:\/\/www.sokollibcice.cz\/wp\/?page_id=12"},"modified":"2023-10-08T23:12:13","modified_gmt":"2023-10-08T22:12:13","slug":"kontakt","status":"publish","type":"page","link":"https:\/\/www.sokollibcice.cz\/hazena\/oddil\/kontakt\/","title":{"rendered":"Kontakt"},"content":{"rendered":"\n<p>Dom\u00e1c\u00ed z\u00e1pasy hrajeme na venkovn\u00edm h\u0159i\u0161ti v are\u00e1lu TJ Sokol Lib\u010dice nad Vltavou.<\/p>\n\n\n\n<p>Adresa: n\u00e1m\u011bst\u00ed Svobody 249, Lib\u010dice nad Vltavou, 252 66<\/p>\n\n\n\n<p>Dotazy a p\u0159ipom\u00ednky ohledn\u011b webu pos\u00edlejte na email: <a title=\"mailto:info@sokollibcice.cz\" href=\"mailto:info@sokollibcice.cz\">info@sokollibcice.cz<\/a>.<\/p>\n\n\n\n<figure class=\"wp-block-table is-style-stripes\"><table><thead><tr><th class=\"has-text-align-left\" data-align=\"left\">P\u0159edseda odd\u00edlu \/ mu\u017ei<\/th><th class=\"has-text-align-left\" data-align=\"left\">Ml\u00e1de\u017e<\/th><th class=\"has-text-align-left\" data-align=\"left\">Ml\u00e1de\u017e<\/th><\/tr><\/thead><tbody><tr><td class=\"has-text-align-left\" data-align=\"left\">Milan Kiselica<\/td><td class=\"has-text-align-left\" data-align=\"left\">Franti\u0161ek Palan<\/td><td class=\"has-text-align-left\" data-align=\"left\">Petr \u010ces\u00e1k<\/td><\/tr><tr><td class=\"has-text-align-left\" data-align=\"left\"><a href=\"mailto:milan.kiselica@elkov.cz\">milan.kiselica@elkov.cz<\/a><\/td><td class=\"has-text-align-left\" data-align=\"left\"><a href=\"mailto:f.palan@seznam.cz\">f.palan@seznam.cz<\/a><\/td><td class=\"has-text-align-left\" data-align=\"left\"><a href=\"mailto:petr@cesak.cz\">petr@cesak.cz<\/a><\/td><\/tr><tr><td class=\"has-text-align-left\" data-align=\"left\">+420\u00a0725\u00a0653\u00a0200<\/td><td class=\"has-text-align-left\" data-align=\"left\">+420 721 418 050<\/td><td class=\"has-text-align-left\" data-align=\"left\">+420 721 124 917<\/td><\/tr><\/tbody><\/table><\/figure>\n","protected":false},"excerpt":{"rendered":"<p>Dom\u00e1c\u00ed z\u00e1pasy hrajeme na venkovn\u00edm h\u0159i\u0161ti v are\u00e1lu TJ Sokol Lib\u010dice nad Vltavou. Adresa: n\u00e1m\u011bst\u00ed Svobody 249, Lib\u010dice nad Vltavou, 252 66 Dotazy a p\u0159ipom\u00ednky ohledn\u011b webu pos\u00edlejte na email: info@sokollibcice.cz. P\u0159edseda odd\u00edlu \/ mu\u017ei Ml\u00e1de\u017e Ml\u00e1de\u017e Milan Kiselica Franti\u0161ek Palan Petr \u010ces\u00e1k milan.kiselica@elkov.cz f.palan@seznam.cz petr@cesak.cz +420\u00a0725\u00a0653\u00a0200 +420 721 418 050 +420 721 124 917<\/p>\n","protected":false},"author":243,"featured_media":0,"parent":22,"menu_order":0,"comment_status":"closed","ping_status":"closed","template":"","meta":{"_monsterinsights_skip_tracking":false,"_monsterinsights_sitenote_active":false,"_monsterinsights_sitenote_note":"","_monsterinsights_sitenote_category":0,"jetpack_post_was_ever_published":false,"footnotes":""},"class_list":["post-12","page","type-page","status-publish","hentry"],"aioseo_notices":[],"jetpack_sharing_enabled":true,"jetpack_shortlink":"https:\/\/wp.me\/P5OFQA-c","amp_enabled":true,"_links":{"self":[{"href":"https:\/\/www.sokollibcice.cz\/hazena\/wp-json\/wp\/v2\/pages\/12","targetHints":{"allow":["GET"]}}],"collection":[{"href":"https:\/\/www.sokollibcice.cz\/hazena\/wp-json\/wp\/v2\/pages"}],"about":[{"href":"https:\/\/www.sokollibcice.cz\/hazena\/wp-json\/wp\/v2\/types\/page"}],"author":[{"embeddable":true,"href":"https:\/\/www.sokollibcice.cz\/hazena\/wp-json\/wp\/v2\/users\/243"}],"replies":[{"embeddable":true,"href":"https:\/\/www.sokollibcice.cz\/hazena\/wp-json\/wp\/v2\/comments?post=12"}],"version-history":[{"count":2,"href":"https:\/\/www.sokollibcice.cz\/hazena\/wp-json\/wp\/v2\/pages\/12\/revisions"}],"predecessor-version":[{"id":4237,"href":"https:\/\/www.sokollibcice.cz\/hazena\/wp-json\/wp\/v2\/pages\/12\/revisions\/4237"}],"up":[{"embeddable":true,"href":"https:\/\/www.sokollibcice.cz\/hazena\/wp-json\/wp\/v2\/pages\/22"}],"wp:attachment":[{"href":"https:\/\/www.sokollibcice.cz\/hazena\/wp-json\/wp\/v2\/media?parent=12"}],"curies":[{"name":"wp","href":"https:\/\/api.w.org\/{rel}","templated":true}]}}